{"id":727,"date":"2020-07-29T17:52:38","date_gmt":"2020-07-29T20:52:38","guid":{"rendered":"https:\/\/sites.usp.br\/lqmo\/?page_id=727"},"modified":"2020-07-29T18:56:43","modified_gmt":"2020-07-29T21:56:43","slug":"noticias","status":"publish","type":"page","link":"https:\/\/pupolab.fcfrp.usp.br\/en\/noticias\/","title":{"rendered":"NEWs"},"content":{"rendered":"<div id=\"pl-727\"  class=\"panel-layout\" ><div id=\"pg-727-0\"  class=\"panel-grid panel-has-style\" ><div class=\"siteorigin-panels-stretch panel-row-style panel-row-style-for-727-0\" data-stretch-type=\"full\" ><div id=\"pgc-727-0-0\"  class=\"panel-grid-cell\" ><div id=\"panel-727-0-0-0\" class=\"so-panel widget widget_sow-headline panel-first-child panel-last-child\" data-index=\"0\" ><div\n\t\t\t\n\t\t\tclass=\"so-widget-sow-headline so-widget-sow-headline-default-2e0583e5ec83-727\"\n\t\t\t\n\t\t><div class=\"sow-headline-container \">\n\t\t\t\t\t\t\t<h1 class=\"sow-headline\">\n\t\t\t\t\t\tNEWs\t\t\t\t\t\t<\/h1>\n\t\t\t\t\t\t<\/div>\n<\/div><\/div><\/div><\/div><\/div><div id=\"pg-727-1\"  class=\"panel-grid panel-no-style\" ><div id=\"pgc-727-1-0\"  class=\"panel-grid-cell\" >\n\t\t<div id=\"panel-727-1-0-0\" class=\"so-panel widget widget_recent-posts widget_recent_entries panel-first-child panel-last-child\" data-index=\"1\" >\n\t\t<h3 class=\"widget-title\">Recent Posts<\/h3>\n\t\t<ul>\n\t\t\t\t\t\t\t\t\t\t\t<li>\n\t\t\t\t\t<a href=\"https:\/\/pupolab.fcfrp.usp.br\/en\/agencia-fapesp-novo-composto-antifungico-e-descoberto-em-ninhos-de-formiga-cortadeira\/\">(Portugu\u00eas) Agencia FAPESP: Novo composto antif\u00fangico \u00e9 descoberto em ninhos de formiga-cortadeira<\/a>\n\t\t\t\t\t\t\t\t\t\t\t<span class=\"post-date\">05\/27\/2021<\/span>\n\t\t\t\t\t\t\t\t\t<\/li>\n\t\t\t\t\t\t\t\t\t\t\t<li>\n\t\t\t\t\t<a href=\"https:\/\/pupolab.fcfrp.usp.br\/en\/workshop-em-gnps-feature-based-molecular-networking-fbmn\/\">(Portugu\u00eas) Workshop em GNPS &#8220;Feature-Based Molecular Networking (FBMN)&#8221;<\/a>\n\t\t\t\t\t\t\t\t\t\t\t<span class=\"post-date\">11\/18\/2020<\/span>\n\t\t\t\t\t\t\t\t\t<\/li>\n\t\t\t\t\t\t\t\t\t\t\t<li>\n\t\t\t\t\t<a href=\"https:\/\/pupolab.fcfrp.usp.br\/en\/seminario-online\/\">(Portugu\u00eas) Semin\u00e1rio Online 08\/10\/20<\/a>\n\t\t\t\t\t\t\t\t\t\t\t<span class=\"post-date\">10\/07\/2020<\/span>\n\t\t\t\t\t\t\t\t\t<\/li>\n\t\t\t\t\t\t\t\t\t\t\t<li>\n\t\t\t\t\t<a href=\"https:\/\/pupolab.fcfrp.usp.br\/en\/latinxchem\/\">(Portugu\u00eas) LatinXChem<\/a>\n\t\t\t\t\t\t\t\t\t\t\t<span class=\"post-date\">09\/11\/2020<\/span>\n\t\t\t\t\t\t\t\t\t<\/li>\n\t\t\t\t\t\t\t\t\t\t\t<li>\n\t\t\t\t\t<a href=\"https:\/\/pupolab.fcfrp.usp.br\/en\/escola-de-verao-em-microbiologia-molecular-aplicada-ssamm\/\">(Portugu\u00eas) Escola de Ver\u00e3o em microbiologia molecular aplicada (SSAMM)<\/a>\n\t\t\t\t\t\t\t\t\t\t\t<span class=\"post-date\">09\/11\/2020<\/span>\n\t\t\t\t\t\t\t\t\t<\/li>\n\t\t\t\t\t<\/ul>\n\n\t\t<\/div><\/div><\/div><div id=\"pg-727-2\"  class=\"panel-grid panel-has-style\" ><div class=\"siteorigin-panels-stretch panel-row-style panel-row-style-for-727-2\" data-stretch-type=\"full\" ><div id=\"pgc-727-2-0\"  class=\"panel-grid-cell\" ><div id=\"panel-727-2-0-0\" class=\"so-panel widget widget_sow-headline panel-first-child panel-last-child\" data-index=\"2\" ><div\n\t\t\t\n\t\t\tclass=\"so-widget-sow-headline so-widget-sow-headline-default-2e0583e5ec83-727\"\n\t\t\t\n\t\t><div class=\"sow-headline-container \">\n\t\t\t\t\t\t\t<h1 class=\"sow-headline\">\n\t\t\t\t\t\tNEWs\t\t\t\t\t\t<\/h1>\n\t\t\t\t\t\t<\/div>\n<\/div><\/div><\/div><\/div><\/div><\/div>","protected":false},"excerpt":{"rendered":"<p>NEWs Recent Posts (Portugu\u00eas) Agencia FAPESP: Novo composto antif\u00fangico \u00e9 descoberto em ninhos de formiga-cortadeira 05\/27\/2021 (Portugu\u00eas) Workshop em GNPS &#8220;Feature-Based Molecular Networking (FBMN)&#8221; 11\/18\/2020 (Portugu\u00eas) Semin\u00e1rio Online 08\/10\/20 10\/07\/2020 (Portugu\u00eas) LatinXChem 09\/11\/2020 (Portugu\u00eas) Escola de Ver\u00e3o em microbiologia molecular aplicada (SSAMM) 09\/11\/2020 NEWs<\/p>\n","protected":false},"author":21961,"featured_media":0,"parent":0,"menu_order":0,"comment_status":"closed","ping_status":"closed","template":"template-blog-large.php","meta":{"footnotes":"","_links_to":"","_links_to_target":""},"class_list":["post-727","page","type-page","status-publish","hentry"],"_links":{"self":[{"href":"https:\/\/pupolab.fcfrp.usp.br\/en\/wp-json\/wp\/v2\/pages\/727","targetHints":{"allow":["GET"]}}],"collection":[{"href":"https:\/\/pupolab.fcfrp.usp.br\/en\/wp-json\/wp\/v2\/pages"}],"about":[{"href":"https:\/\/pupolab.fcfrp.usp.br\/en\/wp-json\/wp\/v2\/types\/page"}],"author":[{"embeddable":true,"href":"https:\/\/pupolab.fcfrp.usp.br\/en\/wp-json\/wp\/v2\/users\/21961"}],"replies":[{"embeddable":true,"href":"https:\/\/pupolab.fcfrp.usp.br\/en\/wp-json\/wp\/v2\/comments?post=727"}],"version-history":[{"count":4,"href":"https:\/\/pupolab.fcfrp.usp.br\/en\/wp-json\/wp\/v2\/pages\/727\/revisions"}],"predecessor-version":[{"id":753,"href":"https:\/\/pupolab.fcfrp.usp.br\/en\/wp-json\/wp\/v2\/pages\/727\/revisions\/753"}],"wp:attachment":[{"href":"https:\/\/pupolab.fcfrp.usp.br\/en\/wp-json\/wp\/v2\/media?parent=727"}],"curies":[{"name":"wp","href":"https:\/\/api.w.org\/{rel}","templated":true}]}}