{"id":343,"date":"2020-07-15T23:52:55","date_gmt":"2020-07-16T02:52:55","guid":{"rendered":"https:\/\/sites.usp.br\/lqmo\/?page_id=343"},"modified":"2021-11-02T18:11:21","modified_gmt":"2021-11-02T21:11:21","slug":"extensao","status":"publish","type":"page","link":"https:\/\/pupolab.fcfrp.usp.br\/en\/extensao\/","title":{"rendered":"Outreach"},"content":{"rendered":"<div id=\"pl-343\"  class=\"panel-layout\" ><div id=\"pg-343-0\"  class=\"panel-grid panel-has-style\" ><div class=\"siteorigin-panels-stretch panel-row-style panel-row-style-for-343-0\" data-stretch-type=\"full\" ><div id=\"pgc-343-0-0\"  class=\"panel-grid-cell\" ><div id=\"panel-343-0-0-0\" class=\"so-panel widget widget_sow-headline panel-first-child panel-last-child\" data-index=\"0\" ><div\n\t\t\t\n\t\t\tclass=\"so-widget-sow-headline so-widget-sow-headline-default-63ace01992f9-343\"\n\t\t\t\n\t\t><div class=\"sow-headline-container \">\n\t\t\t\t\t\t\t<h1 class=\"sow-headline\">\n\t\t\t\t\t\tOUTREACH\t\t\t\t\t\t<\/h1>\n\t\t\t\t\t\t<\/div>\n<\/div><\/div><\/div><\/div><\/div><div id=\"pg-343-1\"  class=\"panel-grid panel-has-style\" ><div class=\"siteorigin-panels-stretch panel-row-style panel-row-style-for-343-1\" data-stretch-type=\"full\" ><div id=\"pgc-343-1-0\"  class=\"panel-grid-cell\" ><div id=\"panel-343-1-0-0\" class=\"so-panel widget widget_sow-headline panel-first-child\" data-index=\"1\" ><div class=\"panel-widget-style panel-widget-style-for-343-1-0-0\" ><div\n\t\t\t\n\t\t\tclass=\"so-widget-sow-headline so-widget-sow-headline-default-357117d3ad64-343\"\n\t\t\t\n\t\t><div class=\"sow-headline-container \">\n\t\t\t\t\t\t\t<h1 class=\"sow-headline\">\n\t\t\t\t\t\tReportagem\t\t\t\t\t\t<\/h1>\n\t\t\t\t\t\t<\/div>\n<\/div><\/div><\/div><div id=\"panel-343-1-0-1\" class=\"so-panel widget widget_sow-editor panel-last-child\" data-index=\"2\" ><div class=\"panel-widget-style panel-widget-style-for-343-1-0-1\" ><div\n\t\t\t\n\t\t\tclass=\"so-widget-sow-editor so-widget-sow-editor-base\"\n\t\t\t\n\t\t>\n<div class=\"siteorigin-widget-tinymce textwidget\">\n\t<h3 class=\"playkit-video-info__ep-title\" style=\"text-align: center;\"><span style=\"color: #000000;\"><a style=\"color: #000000;\" href=\"https:\/\/globoplay.globo.com\/v\/9956824\/?utm_source=whatsapp&amp;utm_medium=share-bar\">Com falta de investimento nacional, farmac\u00eauticas estrangeiras lucram com rem\u00e9dios que saem da biodiversidade brasileira<\/a><\/span><\/h3>\n<p style=\"text-align: center;\">Exibi\u00e7\u00e3o em\u00a017 out 2021<\/p>\n<\/div>\n<\/div><\/div><\/div><\/div><\/div><\/div><div id=\"pg-343-2\"  class=\"panel-grid panel-no-style\" ><div id=\"pgc-343-2-0\"  class=\"panel-grid-cell panel-grid-cell-empty\" ><\/div><div id=\"pgc-343-2-1\"  class=\"panel-grid-cell panel-grid-cell-mobile-last\" ><div id=\"panel-343-2-1-0\" class=\"so-panel widget widget_media_image panel-first-child panel-last-child\" data-index=\"3\" ><a href=\"https:\/\/globoplay.globo.com\/v\/9956824\/?utm_source=whatsapp&#038;utm_medium=share-bar\"><img loading=\"lazy\" decoding=\"async\" width=\"800\" height=\"452\" src=\"https:\/\/pupolab.fcfrp.usp.br\/wp-content\/uploads\/sites\/770\/2021\/11\/Monica-Fantastico.png\" class=\"image wp-image-1180  attachment-full size-full\" alt=\"\" style=\"max-width: 100%; height: auto;\" srcset=\"https:\/\/pupolab.fcfrp.usp.br\/wp-content\/uploads\/sites\/770\/2021\/11\/Monica-Fantastico.png 800w, https:\/\/pupolab.fcfrp.usp.br\/wp-content\/uploads\/sites\/770\/2021\/11\/Monica-Fantastico-300x170.png 300w, https:\/\/pupolab.fcfrp.usp.br\/wp-content\/uploads\/sites\/770\/2021\/11\/Monica-Fantastico-768x434.png 768w, https:\/\/pupolab.fcfrp.usp.br\/wp-content\/uploads\/sites\/770\/2021\/11\/Monica-Fantastico-310x174.png 310w, https:\/\/pupolab.fcfrp.usp.br\/wp-content\/uploads\/sites\/770\/2021\/11\/Monica-Fantastico-400x226.png 400w\" sizes=\"auto, (max-width: 800px) 100vw, 800px\" \/><\/a><\/div><\/div><div id=\"pgc-343-2-2\"  class=\"panel-grid-cell panel-grid-cell-empty\" ><\/div><\/div><div id=\"pg-343-3\"  class=\"panel-grid panel-has-style\" ><div class=\"siteorigin-panels-stretch panel-row-style panel-row-style-for-343-3\" data-stretch-type=\"full\" ><div id=\"pgc-343-3-0\"  class=\"panel-grid-cell\" ><div id=\"panel-343-3-0-0\" class=\"so-panel widget widget_sow-headline panel-first-child panel-last-child\" data-index=\"4\" ><div class=\"panel-widget-style panel-widget-style-for-343-3-0-0\" ><div\n\t\t\t\n\t\t\tclass=\"so-widget-sow-headline so-widget-sow-headline-default-357117d3ad64-343\"\n\t\t\t\n\t\t><div class=\"sow-headline-container \">\n\t\t\t\t\t\t\t<h1 class=\"sow-headline\">\n\t\t\t\t\t\tYoutube Videos\t\t\t\t\t\t<\/h1>\n\t\t\t\t\t\t<\/div>\n<\/div><\/div><\/div><\/div><\/div><\/div><div id=\"pg-343-4\"  class=\"panel-grid panel-no-style\" ><div id=\"pgc-343-4-0\"  class=\"panel-grid-cell\" ><div id=\"panel-343-4-0-0\" class=\"so-panel widget widget_media_video panel-first-child panel-last-child\" data-index=\"5\" ><div style=\"width:100%;\" class=\"wp-video\"><video class=\"wp-video-shortcode\" id=\"video-343-1\" preload=\"metadata\" controls=\"controls\"><source type=\"video\/youtube\" src=\"https:\/\/youtu.be\/jo-bTfgCD58?_=1\" \/><a href=\"https:\/\/youtu.be\/jo-bTfgCD58\">https:\/\/youtu.be\/jo-bTfgCD58<\/a><\/video><\/div><\/div><\/div><div id=\"pgc-343-4-1\"  class=\"panel-grid-cell\" ><div id=\"panel-343-4-1-0\" class=\"so-panel widget widget_media_video panel-first-child panel-last-child\" data-index=\"6\" ><div style=\"width:100%;\" class=\"wp-video\"><video class=\"wp-video-shortcode\" id=\"video-343-2\" preload=\"metadata\" controls=\"controls\"><source type=\"video\/youtube\" src=\"https:\/\/youtu.be\/YGzQhflvpuo?_=2\" \/><a href=\"https:\/\/youtu.be\/YGzQhflvpuo\">https:\/\/youtu.be\/YGzQhflvpuo<\/a><\/video><\/div><\/div><\/div><div id=\"pgc-343-4-2\"  class=\"panel-grid-cell\" ><div id=\"panel-343-4-2-0\" class=\"so-panel widget widget_media_video panel-first-child panel-last-child\" data-index=\"7\" ><div style=\"width:100%;\" class=\"wp-video\"><video class=\"wp-video-shortcode\" id=\"video-343-3\" preload=\"metadata\" controls=\"controls\"><source type=\"video\/youtube\" src=\"https:\/\/youtu.be\/lOz9g9_HOpo?_=3\" \/><a href=\"https:\/\/youtu.be\/lOz9g9_HOpo\">https:\/\/youtu.be\/lOz9g9_HOpo<\/a><\/video><\/div><\/div><\/div><\/div><div id=\"pg-343-5\"  class=\"panel-grid panel-has-style\" ><div class=\"panel-row-style panel-row-style-for-343-5\" ><div id=\"pgc-343-5-0\"  class=\"panel-grid-cell\" ><div id=\"panel-343-5-0-0\" class=\"so-panel widget widget_sow-headline panel-first-child\" data-index=\"8\" ><div class=\"panel-widget-style panel-widget-style-for-343-5-0-0\" ><div\n\t\t\t\n\t\t\tclass=\"so-widget-sow-headline so-widget-sow-headline-default-357117d3ad64-343\"\n\t\t\t\n\t\t><div class=\"sow-headline-container \">\n\t\t\t\t\t\t\t<h1 class=\"sow-headline\">\n\t\t\t\t\t\tNewspaper &amp; Magazines\t\t\t\t\t\t<\/h1>\n\t\t\t\t\t\t<\/div>\n<\/div><\/div><\/div><div id=\"panel-343-5-0-1\" class=\"so-panel widget widget_sow-editor panel-last-child\" data-index=\"9\" ><div class=\"panel-widget-style panel-widget-style-for-343-5-0-1\" ><div\n\t\t\t\n\t\t\tclass=\"so-widget-sow-editor so-widget-sow-editor-base\"\n\t\t\t\n\t\t>\n<div class=\"siteorigin-widget-tinymce textwidget\">\n\t<ul>\n<li class=\"font_7\"><a href=\"http:\/\/agencia.fapesp.br\/cientistas-exploram-microbiota-de-formigas-em-busca-de-novos-farmacos\/19406\/\" target=\"_blank\" rel=\"nofollow noopener\" data-content=\"http:\/\/agencia.fapesp.br\/cientistas-exploram-microbiota-de-formigas-em-busca-de-novos-farmacos\/19406\/\" data-type=\"external\">Cientistas exploram microbiota de formigas em busca de novos f\u00e1rmacos<\/a> (Ag\u00eancia FAPESP 2014)<\/li>\n<li class=\"font_7\"><a href=\"http:\/\/agencia.fapesp.br\/diretor-do-nih-fala-sobre-perspectivas-de-pesquisas-em-biomedicina\/19144\/\" target=\"_blank\" rel=\"nofollow noopener\" data-content=\"http:\/\/agencia.fapesp.br\/diretor-do-nih-fala-sobre-perspectivas-de-pesquisas-em-biomedicina\/19144\/\" data-type=\"external\">Diretor do NIH fala sobre perspectivas de pesquisas em Biomedicina<\/a> (Ag\u00eancia FAPESP 2014)<\/li>\n<li><a href=\"https:\/\/ciencia.estadao.com.br\/blogs\/herton-escobar\/cientistas-buscam-novos-farmacos-em-formigas\/\" target=\"_blank\" rel=\"nofollow noopener\" data-content=\"https:\/\/ciencia.estadao.com.br\/blogs\/herton-escobar\/cientistas-buscam-novos-farmacos-em-formigas\/\" data-type=\"external\">Cientistas buscam novos f\u00e1rmacos em formigas<\/a> (Estad\u00e3o 2014)<\/li>\n<li class=\"font_7\"><a href=\"http:\/\/www.biota.org.br\/os-segredos-das-formigas-cultivadoras-de-fungos\/\" target=\"_blank\" rel=\"nofollow noopener\" data-content=\"http:\/\/www.biota.org.br\/os-segredos-das-formigas-cultivadoras-de-fungos\/\" data-type=\"external\">O Segredo das formigas cultivadoras de fungos<\/a> (Biota FAPESP 2015)<\/li>\n<li class=\"font_7\"><a href=\"http:\/\/revistapesquisa.fapesp.br\/2017\/06\/20\/farmacia-natural\/\" target=\"_blank\" rel=\"nofollow noopener\" data-content=\"http:\/\/revistapesquisa.fapesp.br\/2017\/06\/20\/farmacia-natural\/\" data-type=\"external\">Farm\u00e1cia natural<\/a> (Pesquisa FAPESP 2017)<\/li>\n<li><a href=\"http:\/\/agencia.fapesp.br\/bacterias-e-fungos-desempenham-papeis-chave-nas-colonias-de-insetos-sociais\/27328\/\" target=\"_blank\" rel=\"nofollow noopener\" data-content=\"http:\/\/agencia.fapesp.br\/bacterias-e-fungos-desempenham-papeis-chave-nas-colonias-de-insetos-sociais\/27328\/\" data-type=\"external\">Bact\u00e9rias e fungos desempenham pap\u00e9is-chave nas col\u00f4nias de insetos sociais<\/a> (Ag\u00eancia FAPESP 2018)<\/li>\n<\/ul>\n<\/div>\n<\/div><\/div><\/div><\/div><\/div><\/div><div id=\"pg-343-6\"  class=\"panel-grid panel-has-style\" ><div class=\"panel-row-style panel-row-style-for-343-6\" ><div id=\"pgc-343-6-0\"  class=\"panel-grid-cell\" ><div id=\"panel-343-6-0-0\" class=\"so-panel widget widget_sow-headline panel-first-child\" data-index=\"10\" ><div class=\"panel-widget-style panel-widget-style-for-343-6-0-0\" ><div\n\t\t\t\n\t\t\tclass=\"so-widget-sow-headline so-widget-sow-headline-default-357117d3ad64-343\"\n\t\t\t\n\t\t><div class=\"sow-headline-container \">\n\t\t\t\t\t\t\t<h1 class=\"sow-headline\">\n\t\t\t\t\t\tBlogs\t\t\t\t\t\t<\/h1>\n\t\t\t\t\t\t<\/div>\n<\/div><\/div><\/div><div id=\"panel-343-6-0-1\" class=\"so-panel widget widget_sow-editor\" data-index=\"11\" ><div class=\"panel-widget-style panel-widget-style-for-343-6-0-1\" ><div\n\t\t\t\n\t\t\tclass=\"so-widget-sow-editor so-widget-sow-editor-base\"\n\t\t\t\n\t\t>\n<div class=\"siteorigin-widget-tinymce textwidget\">\n\t<ul>\n<li>\n<p class=\"font_7\"><a href=\"https:\/\/schaechter.asmblog.org\/schaechter\/2018\/03\/fungomania-i-the-yeast-and-the-bee.html\" target=\"_blank\" rel=\"nofollow noopener\" data-content=\"https:\/\/schaechter.asmblog.org\/schaechter\/2018\/03\/fungomania-i-the-yeast-and-the-bee.html\" data-type=\"external\">Fungomania I. The Yeast and the Bee.<\/a> (Small Things Considered 2018)<\/p>\n<\/li>\n<\/ul>\n<\/div>\n<\/div><\/div><\/div><\/div><\/div><\/div><\/div>","protected":false},"excerpt":{"rendered":"<p>Com falta de investimento nacional, farmac\u00eauticas estrangeiras lucram com rem\u00e9dios que saem da biodiversidade brasileira Exibi\u00e7\u00e3o em\u00a017 out 2021<\/p>\n","protected":false},"author":21961,"featured_media":0,"parent":0,"menu_order":0,"comment_status":"closed","ping_status":"closed","template":"template-fullwidth-no-title.php","meta":{"footnotes":"","_links_to":"","_links_to_target":""},"class_list":["post-343","page","type-page","status-publish","hentry"],"_links":{"self":[{"href":"https:\/\/pupolab.fcfrp.usp.br\/en\/wp-json\/wp\/v2\/pages\/343","targetHints":{"allow":["GET"]}}],"collection":[{"href":"https:\/\/pupolab.fcfrp.usp.br\/en\/wp-json\/wp\/v2\/pages"}],"about":[{"href":"https:\/\/pupolab.fcfrp.usp.br\/en\/wp-json\/wp\/v2\/types\/page"}],"author":[{"embeddable":true,"href":"https:\/\/pupolab.fcfrp.usp.br\/en\/wp-json\/wp\/v2\/users\/21961"}],"replies":[{"embeddable":true,"href":"https:\/\/pupolab.fcfrp.usp.br\/en\/wp-json\/wp\/v2\/comments?post=343"}],"version-history":[{"count":4,"href":"https:\/\/pupolab.fcfrp.usp.br\/en\/wp-json\/wp\/v2\/pages\/343\/revisions"}],"predecessor-version":[{"id":1192,"href":"https:\/\/pupolab.fcfrp.usp.br\/en\/wp-json\/wp\/v2\/pages\/343\/revisions\/1192"}],"wp:attachment":[{"href":"https:\/\/pupolab.fcfrp.usp.br\/en\/wp-json\/wp\/v2\/media?parent=343"}],"curies":[{"name":"wp","href":"https:\/\/api.w.org\/{rel}","templated":true}]}}